{"id":10,"date":"2023-08-05T13:59:16","date_gmt":"2023-08-05T18:59:16","guid":{"rendered":"https:\/\/www.leaderfinancegroup.com\/?page_id=10"},"modified":"2023-11-15T18:32:08","modified_gmt":"2023-11-15T23:32:08","slug":"inicio","status":"publish","type":"page","link":"https:\/\/www.leaderfinancegroup.com\/","title":{"rendered":"Inicio"},"content":{"rendered":"<p>[et_pb_section fb_built=\u00bb1&#8243; fullwidth=\u00bbon\u00bb custom_padding_last_edited=\u00bbon|tablet\u00bb next_background_color=\u00bb#ffffff\u00bb _builder_version=\u00bb4.20.4&#8243; _module_preset=\u00bbdefault\u00bb background_image=\u00bbhttps:\/\/www.leaderfinancegroup.com\/wp-content\/uploads\/2023\/08\/Banner.webp\u00bb custom_margin=\u00bb||||false|true\u00bb custom_padding=\u00bb29vh||29vh||true|true\u00bb custom_padding_tablet=\u00bb18vh||18vh||true|true\u00bb custom_padding_phone=\u00bb18vh||18vh||true|true\u00bb bottom_divider_style=\u00bbcurve2&#8243; bottom_divider_color_last_edited=\u00bboff|desktop\u00bb global_colors_info=\u00bb{}\u00bb][et_pb_fullwidth_image title_text=\u00bbBanner\u00bb _builder_version=\u00bb4.20.4&#8243; _module_preset=\u00bbdefault\u00bb global_colors_info=\u00bb{}\u00bb][\/et_pb_fullwidth_image][\/et_pb_section][et_pb_section fb_built=\u00bb1&#8243; _builder_version=\u00bb4.20.4&#8243; _module_preset=\u00bbdefault\u00bb custom_padding=\u00bb2px|||||\u00bb global_colors_info=\u00bb{}\u00bb][et_pb_row column_structure=\u00bb1_3,1_3,1_3&#8243; use_custom_gutter=\u00bbon\u00bb module_class=\u00bbentres\u00bb _builder_version=\u00bb4.20.4&#8243; _module_preset=\u00bbdefault\u00bb width_tablet=\u00bb\u00bb width_phone=\u00bb100%\u00bb width_last_edited=\u00bbon|phone\u00bb max_width_tablet=\u00bb\u00bb max_width_phone=\u00bb95%\u00bb max_width_last_edited=\u00bbon|phone\u00bb global_colors_info=\u00bb{}\u00bb][et_pb_column type=\u00bb1_3&#8243; _builder_version=\u00bb4.20.4&#8243; _module_preset=\u00bbdefault\u00bb global_colors_info=\u00bb{}\u00bb][et_pb_text _builder_version=\u00bb4.20.4&#8243; _module_preset=\u00bbdefault\u00bb header_4_text_align=\u00bbcenter\u00bb header_4_text_color=\u00bb#000000&#8243; header_4_font_size=\u00bb17px\u00bb global_colors_info=\u00bb{}\u00bb]<\/p>\n<p><img loading=\"lazy\" decoding=\"async\" src=\"https:\/\/www.leaderfinancegroup.com\/wp-content\/uploads\/2023\/08\/prod1-261x300.webp\" alt=\"\" class=\"wp-image-17 alignnone size-medium\" style=\"display: block; margin-left: auto; margin-right: auto;\" width=\"150\" height=\"172\" srcset=\"https:\/\/www.leaderfinancegroup.com\/wp-content\/uploads\/2023\/08\/prod1-261x300.webp 261w, https:\/\/www.leaderfinancegroup.com\/wp-content\/uploads\/2023\/08\/prod1.webp 300w\" sizes=\"auto, (max-width: 150px) 100vw, 150px\" \/><\/p>\n<h4>Brindamos servicios integrales con<br \/>profesionales altamente capacitados<\/h4>\n<p>[\/et_pb_text][\/et_pb_column][et_pb_column type=\u00bb1_3&#8243; _builder_version=\u00bb4.20.4&#8243; _module_preset=\u00bbdefault\u00bb global_colors_info=\u00bb{}\u00bb][et_pb_text _builder_version=\u00bb4.20.4&#8243; _module_preset=\u00bbdefault\u00bb header_4_text_align=\u00bbcenter\u00bb header_4_text_color=\u00bb#000000&#8243; header_4_font_size=\u00bb17px\u00bb global_colors_info=\u00bb{}\u00bb]<\/p>\n<p><img loading=\"lazy\" decoding=\"async\" src=\"https:\/\/www.leaderfinancegroup.com\/wp-content\/uploads\/2023\/08\/prod2-261x300.webp\" alt=\"\" class=\"wp-image-18 alignnone size-medium\" style=\"display: block; margin-left: auto; margin-right: auto;\" width=\"150\" height=\"172\" srcset=\"https:\/\/www.leaderfinancegroup.com\/wp-content\/uploads\/2023\/08\/prod2-261x300.webp 261w, https:\/\/www.leaderfinancegroup.com\/wp-content\/uploads\/2023\/08\/prod2.webp 300w\" sizes=\"auto, (max-width: 150px) 100vw, 150px\" \/><\/p>\n<h4>Direccionamos el desarrollo individual,<br \/>social, empresarial y estrat\u00e9gico<\/h4>\n<p>[\/et_pb_text][\/et_pb_column][et_pb_column type=\u00bb1_3&#8243; _builder_version=\u00bb4.20.4&#8243; _module_preset=\u00bbdefault\u00bb global_colors_info=\u00bb{}\u00bb][et_pb_text _builder_version=\u00bb4.20.4&#8243; _module_preset=\u00bbdefault\u00bb header_4_text_align=\u00bbcenter\u00bb header_4_text_color=\u00bb#000000&#8243; header_4_font_size=\u00bb17px\u00bb global_colors_info=\u00bb{}\u00bb]<\/p>\n<p><img loading=\"lazy\" decoding=\"async\" src=\"https:\/\/www.leaderfinancegroup.com\/wp-content\/uploads\/2023\/08\/prod3-261x300.webp\" alt=\"\" class=\"wp-image-21 alignnone size-medium\" style=\"display: block; margin-left: auto; margin-right: auto;\" width=\"150\" height=\"172\" srcset=\"https:\/\/www.leaderfinancegroup.com\/wp-content\/uploads\/2023\/08\/prod3-261x300.webp 261w, https:\/\/www.leaderfinancegroup.com\/wp-content\/uploads\/2023\/08\/prod3.webp 300w\" sizes=\"auto, (max-width: 150px) 100vw, 150px\" \/><\/p>\n<h4>Brindamos servicios integrales con<br \/>profesionales altamente capacitados<\/h4>\n<p>[\/et_pb_text][\/et_pb_column][\/et_pb_row][et_pb_row custom_padding_last_edited=\u00bbon|tablet\u00bb _builder_version=\u00bb4.20.4&#8243; _module_preset=\u00bbdefault\u00bb custom_margin=\u00bb||-1px||false|false\u00bb custom_margin_tablet=\u00bb||-45px||false|false\u00bb custom_margin_phone=\u00bb||-45px||false|false\u00bb custom_margin_last_edited=\u00bbon|tablet\u00bb custom_padding_tablet=\u00bb10px||0px||false|false\u00bb custom_padding_phone=\u00bb10px||0px||false|false\u00bb global_colors_info=\u00bb{}\u00bb][et_pb_column type=\u00bb4_4&#8243; _builder_version=\u00bb4.20.4&#8243; _module_preset=\u00bbdefault\u00bb global_colors_info=\u00bb{}\u00bb][et_pb_text _builder_version=\u00bb4.20.4&#8243; _module_preset=\u00bbdefault\u00bb header_2_font=\u00bb|600|||||||\u00bb header_2_text_align=\u00bbcenter\u00bb global_colors_info=\u00bb{}\u00bb]<\/p>\n<h2>PORTAFOLIO<\/h2>\n<p>[\/et_pb_text][\/et_pb_column][\/et_pb_row][et_pb_row column_structure=\u00bb1_2,1_2&#8243; _builder_version=\u00bb4.20.4&#8243; _module_preset=\u00bbdefault\u00bb width=\u00bb70%\u00bb global_colors_info=\u00bb{}\u00bb][et_pb_column type=\u00bb1_2&#8243; _builder_version=\u00bb4.20.4&#8243; _module_preset=\u00bbdefault\u00bb global_colors_info=\u00bb{}\u00bb][et_pb_image src=\u00bbhttps:\/\/www.leaderfinancegroup.com\/wp-content\/uploads\/2023\/08\/Portafolio1.webp\u00bb title_text=\u00bbPortafolio1&#8243; _builder_version=\u00bb4.20.4&#8243; _module_preset=\u00bbdefault\u00bb width=\u00bb70%\u00bb width_tablet=\u00bb31%\u00bb width_phone=\u00bb44%\u00bb width_last_edited=\u00bbon|tablet\u00bb module_alignment=\u00bbcenter\u00bb global_colors_info=\u00bb{}\u00bb][\/et_pb_image][\/et_pb_column][et_pb_column type=\u00bb1_2&#8243; _builder_version=\u00bb4.20.4&#8243; _module_preset=\u00bbdefault\u00bb global_colors_info=\u00bb{}\u00bb][et_pb_text _builder_version=\u00bb4.20.4&#8243; _module_preset=\u00bbdefault\u00bb header_3_font=\u00bb|600|||||||\u00bb header_3_text_align=\u00bbcenter\u00bb border_width_bottom=\u00bb2px\u00bb border_color_bottom=\u00bb#0998bf\u00bb global_colors_info=\u00bb{}\u00bb]<\/p>\n<h3>Servicios<\/h3>\n<p>[\/et_pb_text][et_pb_text _builder_version=\u00bb4.20.4&#8243; _module_preset=\u00bbdefault\u00bb global_colors_info=\u00bb{}\u00bb]<\/p>\n<p>&#8211; Revisor\u00eda fiscal<br \/>&#8211; Outsourcing contable<br \/>&#8211; Gesti\u00f3n administrativa<br \/>&#8211; Auditor\u00edas internas<br \/>&#8211; Auditor\u00edas externas<br \/>&#8211; Auditor\u00eda forense<br \/>&#8211; Direccionamiento administrativo<br \/>&#8211; Cobranza y negociaci\u00f3n de cartera<br \/>&#8211; Planeaci\u00f3n financiera<br \/>&#8211; Declaraci\u00f3n de impuestos nacionales <br \/>y distritales para persona natural <br \/>y jur\u00eddica<br \/>&#8211; Evaluaci\u00f3n de proyectos<\/p>\n<p>[\/et_pb_text][\/et_pb_column][\/et_pb_row][et_pb_row column_structure=\u00bb1_2,1_2&#8243; module_class=\u00bbreverse\u00bb _builder_version=\u00bb4.20.4&#8243; _module_preset=\u00bbdefault\u00bb width=\u00bb70%\u00bb global_colors_info=\u00bb{}\u00bb][et_pb_column type=\u00bb1_2&#8243; _builder_version=\u00bb4.20.4&#8243; _module_preset=\u00bbdefault\u00bb global_colors_info=\u00bb{}\u00bb][et_pb_text _builder_version=\u00bb4.20.4&#8243; _module_preset=\u00bbdefault\u00bb header_3_font=\u00bb|600|||||||\u00bb header_3_text_align=\u00bbcenter\u00bb border_width_bottom=\u00bb2px\u00bb border_color_bottom=\u00bb#0998bf\u00bb global_colors_info=\u00bb{}\u00bb]<\/p>\n<h3>Consultor\u00edas y Asesor\u00edas<br \/>Enfocadas En:<\/h3>\n<p>[\/et_pb_text][et_pb_text _builder_version=\u00bb4.20.4&#8243; _module_preset=\u00bbdefault\u00bb global_colors_info=\u00bb{}\u00bb]<\/p>\n<p>&#8211; \u00c1rea legal <br \/>&#8211; \u00c1rea tributaria <br \/>&#8211; \u00c1rea contable <br \/>&#8211; Costos y presupuestos<br \/>&#8211; Convergencia hacia NIIF \u2013 IFRS <br \/>&#8211; Estrategias gerenciales.<br \/>&#8211; Declaraci\u00f3n de impuestos<br \/>&#8211; Declaraci\u00f3n de renta personas<br \/>naturales y jur\u00eddicas<br \/>&#8211; Nomina electr\u00f3nica<br \/>&#8211; Planeaci\u00f3n financiera<br \/>&#8211; \u00c1rea comercial<\/p>\n<p>[\/et_pb_text][\/et_pb_column][et_pb_column type=\u00bb1_2&#8243; _builder_version=\u00bb4.20.4&#8243; _module_preset=\u00bbdefault\u00bb global_colors_info=\u00bb{}\u00bb][et_pb_image src=\u00bbhttps:\/\/www.leaderfinancegroup.com\/wp-content\/uploads\/2023\/08\/portafolio2.webp\u00bb title_text=\u00bbportafolio2&#8243; _builder_version=\u00bb4.20.4&#8243; _module_preset=\u00bbdefault\u00bb width=\u00bb70%\u00bb width_tablet=\u00bb31%\u00bb width_phone=\u00bb44%\u00bb width_last_edited=\u00bbon|tablet\u00bb module_alignment=\u00bbcenter\u00bb global_colors_info=\u00bb{}\u00bb][\/et_pb_image][\/et_pb_column][\/et_pb_row][et_pb_row column_structure=\u00bb1_2,1_2&#8243; _builder_version=\u00bb4.20.4&#8243; _module_preset=\u00bbdefault\u00bb width=\u00bb70%\u00bb global_colors_info=\u00bb{}\u00bb][et_pb_column type=\u00bb1_2&#8243; _builder_version=\u00bb4.20.4&#8243; _module_preset=\u00bbdefault\u00bb global_colors_info=\u00bb{}\u00bb][et_pb_image src=\u00bbhttps:\/\/www.leaderfinancegroup.com\/wp-content\/uploads\/2023\/08\/portafolio3.webp\u00bb title_text=\u00bbportafolio3&#8243; _builder_version=\u00bb4.20.4&#8243; _module_preset=\u00bbdefault\u00bb width=\u00bb70%\u00bb width_tablet=\u00bb31%\u00bb width_phone=\u00bb44%\u00bb width_last_edited=\u00bbon|tablet\u00bb module_alignment=\u00bbcenter\u00bb custom_margin=\u00bb||-18px|||\u00bb global_colors_info=\u00bb{}\u00bb][\/et_pb_image][\/et_pb_column][et_pb_column type=\u00bb1_2&#8243; _builder_version=\u00bb4.20.4&#8243; _module_preset=\u00bbdefault\u00bb global_colors_info=\u00bb{}\u00bb][et_pb_text _builder_version=\u00bb4.20.4&#8243; _module_preset=\u00bbdefault\u00bb header_3_font=\u00bb|600|||||||\u00bb header_3_text_align=\u00bbcenter\u00bb border_width_bottom=\u00bb2px\u00bb border_color_bottom=\u00bb#0998bf\u00bb global_colors_info=\u00bb{}\u00bb]<\/p>\n<h3>Otros Servicios<\/h3>\n<p>[\/et_pb_text][et_pb_text _builder_version=\u00bb4.20.4&#8243; _module_preset=\u00bbdefault\u00bb global_colors_info=\u00bb{}\u00bb]<\/p>\n<p>&#8211; Ejecuci\u00f3n de controles internos <br \/>&#8211; Reestructuraci\u00f3n de procesos<br \/>&#8211; Creaci\u00f3n o modificaci\u00f3n de manual <br \/>de funciones <br \/>&#8211; Seminarios de coaching y liderazgo<br \/>&#8211; Cursos y capacitaciones de excel b\u00e1sico, <br \/>intermedio &#8211; avanzado<\/p>\n<p>[\/et_pb_text][\/et_pb_column][\/et_pb_row][et_pb_row _builder_version=\u00bb4.20.4&#8243; _module_preset=\u00bbdefault\u00bb custom_padding=\u00bb||11px|||\u00bb global_colors_info=\u00bb{}\u00bb][et_pb_column type=\u00bb4_4&#8243; _builder_version=\u00bb4.20.4&#8243; _module_preset=\u00bbdefault\u00bb global_colors_info=\u00bb{}\u00bb][et_pb_text _builder_version=\u00bb4.20.4&#8243; _module_preset=\u00bbdefault\u00bb header_2_font=\u00bb|600|||||||\u00bb header_2_text_align=\u00bbcenter\u00bb custom_margin=\u00bb||-14px|||\u00bb global_colors_info=\u00bb{}\u00bb]<\/p>\n<h2>NUESTRA EXPERIENCIA<\/h2>\n<p>[\/et_pb_text][\/et_pb_column][\/et_pb_row][et_pb_row column_structure=\u00bb1_2,1_2&#8243; module_class=\u00bbreverse\u00bb _builder_version=\u00bb4.20.4&#8243; _module_preset=\u00bbdefault\u00bb width=\u00bb70%\u00bb custom_padding=\u00bb0px|||||\u00bb global_colors_info=\u00bb{}\u00bb][et_pb_column type=\u00bb1_2&#8243; _builder_version=\u00bb4.20.4&#8243; _module_preset=\u00bbdefault\u00bb global_colors_info=\u00bb{}\u00bb][et_pb_text _builder_version=\u00bb4.20.4&#8243; _module_preset=\u00bbdefault\u00bb global_colors_info=\u00bb{}\u00bb]<\/p>\n<p>Administraci\u00f3n de empresas <br \/>&#8211; Sector farmac\u00e9utico<br \/>&#8211; Sector hotelero y tur\u00edstico<br \/>&#8211; Sector industrial<br \/>&#8211; Sector construcci\u00f3n<\/p>\n<p>Auditorias<br \/>&#8211; Forenses <br \/>&#8211; Internas<br \/>&#8211; Externas<\/p>\n<p>Contadur\u00eda P\u00fablica <br \/>Finanzas <br \/>Derecho <br \/>Gesti\u00f3n tur\u00edstica <br \/>Revisor\u00edas fiscales<\/p>\n<p>[\/et_pb_text][\/et_pb_column][et_pb_column type=\u00bb1_2&#8243; _builder_version=\u00bb4.20.4&#8243; _module_preset=\u00bbdefault\u00bb global_colors_info=\u00bb{}\u00bb][et_pb_image src=\u00bbhttps:\/\/www.leaderfinancegroup.com\/wp-content\/uploads\/2023\/08\/portafolio4_1.webp\u00bb title_text=\u00bbportafolio4_1&#8243; _builder_version=\u00bb4.20.4&#8243; _module_preset=\u00bbdefault\u00bb width=\u00bb70%\u00bb width_tablet=\u00bb31%\u00bb width_phone=\u00bb44%\u00bb width_last_edited=\u00bbon|tablet\u00bb module_alignment=\u00bbcenter\u00bb global_colors_info=\u00bb{}\u00bb][\/et_pb_image][\/et_pb_column][\/et_pb_row][\/et_pb_section]<\/p>\n","protected":false},"excerpt":{"rendered":"<p>Brindamos servicios integrales conprofesionales altamente capacitados Direccionamos el desarrollo individual,social, empresarial y estrat\u00e9gico Brindamos servicios integrales conprofesionales altamente capacitadosPORTAFOLIOServicios- Revisor\u00eda fiscal- Outsourcing contable- Gesti\u00f3n administrativa- Auditor\u00edas internas- Auditor\u00edas externas- Auditor\u00eda forense- Direccionamiento administrativo- Cobranza y negociaci\u00f3n de cartera- Planeaci\u00f3n financiera- Declaraci\u00f3n de impuestos nacionales y distritales para persona natural y jur\u00eddica- Evaluaci\u00f3n de proyectosConsultor\u00edas y [&hellip;]<\/p>\n","protected":false},"author":1,"featured_media":0,"parent":0,"menu_order":0,"comment_status":"closed","ping_status":"closed","template":"","meta":{"_et_pb_use_builder":"on","_et_pb_old_content":"","_et_gb_content_width":"","_joinchat":[],"footnotes":""},"class_list":["post-10","page","type-page","status-publish","hentry"],"_links":{"self":[{"href":"https:\/\/www.leaderfinancegroup.com\/index.php\/wp-json\/wp\/v2\/pages\/10","targetHints":{"allow":["GET"]}}],"collection":[{"href":"https:\/\/www.leaderfinancegroup.com\/index.php\/wp-json\/wp\/v2\/pages"}],"about":[{"href":"https:\/\/www.leaderfinancegroup.com\/index.php\/wp-json\/wp\/v2\/types\/page"}],"author":[{"embeddable":true,"href":"https:\/\/www.leaderfinancegroup.com\/index.php\/wp-json\/wp\/v2\/users\/1"}],"replies":[{"embeddable":true,"href":"https:\/\/www.leaderfinancegroup.com\/index.php\/wp-json\/wp\/v2\/comments?post=10"}],"version-history":[{"count":24,"href":"https:\/\/www.leaderfinancegroup.com\/index.php\/wp-json\/wp\/v2\/pages\/10\/revisions"}],"predecessor-version":[{"id":90,"href":"https:\/\/www.leaderfinancegroup.com\/index.php\/wp-json\/wp\/v2\/pages\/10\/revisions\/90"}],"wp:attachment":[{"href":"https:\/\/www.leaderfinancegroup.com\/index.php\/wp-json\/wp\/v2\/media?parent=10"}],"curies":[{"name":"wp","href":"https:\/\/api.w.org\/{rel}","templated":true}]}}